{"id":172,"date":"2025-07-21T04:58:59","date_gmt":"2025-07-21T04:58:59","guid":{"rendered":"https:\/\/ptk-security.ro\/?page_id=172"},"modified":"2025-07-21T05:09:19","modified_gmt":"2025-07-21T05:09:19","slug":"instalari-supraveghere-video","status":"publish","type":"page","link":"https:\/\/ptk-security.ro\/index.php\/instalari-supraveghere-video\/","title":{"rendered":"Instalari sisteme de supraveghere"},"content":{"rendered":"\n<p class=\"has-text-align-center\"><mark style=\"background-color:rgba(0, 0, 0, 0)\" class=\"has-inline-color has-primary-color\"><strong>Instalari sisteme de supraveghere video<\/strong><\/mark><\/p>\n\n\n\n<div class=\"wp-block-media-text is-stacked-on-mobile\" style=\"grid-template-columns:85% auto\"><figure class=\"wp-block-media-text__media\"><img loading=\"lazy\" decoding=\"async\" width=\"1024\" height=\"607\" src=\"https:\/\/ptk-security.ro\/wp-content\/uploads\/2025\/07\/sistem-video-1-1024x607.jpg\" alt=\"\" class=\"wp-image-173 size-full\" srcset=\"https:\/\/ptk-security.ro\/wp-content\/uploads\/2025\/07\/sistem-video-1-1024x607.jpg 1024w, https:\/\/ptk-security.ro\/wp-content\/uploads\/2025\/07\/sistem-video-1-300x178.jpg 300w, https:\/\/ptk-security.ro\/wp-content\/uploads\/2025\/07\/sistem-video-1-768x455.jpg 768w, https:\/\/ptk-security.ro\/wp-content\/uploads\/2025\/07\/sistem-video-1.jpg 1350w\" sizes=\"auto, (max-width: 1024px) 100vw, 1024px\" \/><\/figure><div class=\"wp-block-media-text__content\">\n<p><\/p>\n<\/div><\/div>\n\n\n\n<h2 class=\"wp-block-heading\"><mark style=\"background-color:rgba(0, 0, 0, 0)\" class=\"has-inline-color has-primary-color\">Supraveghere video \u2013 Siguran\u021b\u0103 vizibil\u0103, 24\/7<\/mark><\/h2>\n\n\n\n<p>\ud83d\udd10<mark style=\"background-color:rgba(0, 0, 0, 0)\" class=\"has-inline-color has-primary-color\"> <strong>Protejeaz\u0103-\u021bi casa, afacerea sau proprietatea cu sisteme moderne de supraveghere video!<\/strong><\/mark><\/p>\n\n\n\n<p><mark style=\"background-color:rgba(0, 0, 0, 0)\" class=\"has-inline-color has-primary-color\"><strong><br>Oferim servicii complete de instalare camere de supraveghere pentru toate tipurile de spa\u021bii \u2013 locuin\u021be, birouri, magazine, depozite sau spa\u021bii industriale.<\/strong><\/mark><\/p>\n\n\n\n<p>\ud83d\udcf9<mark style=\"background-color:rgba(0, 0, 0, 0)\" class=\"has-inline-color has-primary-color\"> <strong>Ce oferim:<\/strong><\/mark><\/p>\n\n\n\n<ul class=\"wp-block-list\">\n<li><mark style=\"background-color:rgba(0, 0, 0, 0)\" class=\"has-inline-color has-primary-color\">Camere de supraveghere HD \/ 4K, de interior \u0219i exterior<\/mark><\/li>\n\n\n\n<li><mark style=\"background-color:rgba(0, 0, 0, 0)\" class=\"has-inline-color has-primary-color\">Sisteme DVR \/ NVR profesionale, cu stocare local\u0103 sau \u00een cloud<\/mark><\/li>\n\n\n\n<li><mark style=\"background-color:rgba(0, 0, 0, 0)\" class=\"has-inline-color has-primary-color\">Monitorizare \u00een timp real de pe telefon, tablet\u0103 sau PC<\/mark><\/li>\n\n\n\n<li><mark style=\"background-color:rgba(0, 0, 0, 0)\" class=\"has-inline-color has-primary-color\">Configurare alerte \u0219i notific\u0103ri la mi\u0219care<\/mark><\/li>\n\n\n\n<li><mark style=\"background-color:rgba(0, 0, 0, 0)\" class=\"has-inline-color has-primary-color\">Instalare rapid\u0103 \u0219i discret\u0103, f\u0103r\u0103 cabluri la vedere<\/mark><\/li>\n<\/ul>\n\n\n\n<p>\u2705 <strong><mark style=\"background-color:rgba(0, 0, 0, 0)\" class=\"has-inline-color has-primary-color\">De ce s\u0103 lucrezi cu noi:<\/mark><\/strong><\/p>\n\n\n\n<ul class=\"wp-block-list\">\n<li><mark style=\"background-color:rgba(0, 0, 0, 0)\" class=\"has-inline-color has-primary-color\">Consultan\u021b\u0103 gratuit\u0103 \u00eenainte de instalare<\/mark><\/li>\n\n\n\n<li><mark style=\"background-color:rgba(0, 0, 0, 0)\" class=\"has-inline-color has-primary-color\">Echipamente de top de la branduri recunoscute (Hikvision, Dahua, etc.)<\/mark><\/li>\n\n\n\n<li><mark style=\"background-color:rgba(0, 0, 0, 0)\" class=\"has-inline-color has-primary-color\">Instalatori autoriza\u021bi, cu experien\u021b\u0103 \u00een sisteme de securitate<\/mark><\/li>\n\n\n\n<li><mark style=\"background-color:rgba(0, 0, 0, 0)\" class=\"has-inline-color has-primary-color\">Garan\u021bie, mentenan\u021b\u0103 \u0219i suport tehnic dedicat<\/mark><\/li>\n<\/ul>\n\n\n\n<p>\ud83d\udd0d <strong><mark style=\"background-color:rgba(0, 0, 0, 0)\" class=\"has-inline-color has-primary-color\">Supravegherea video nu mai este un lux \u2013 e o necesitate.<\/mark><\/strong><br><mark style=\"background-color:rgba(0, 0, 0, 0)\" class=\"has-inline-color has-primary-color\">Fie c\u0103 vrei s\u0103 previi incidente sau s\u0103 ai control total asupra propriet\u0103\u021bii tale, suntem aici s\u0103-\u021bi oferim solu\u021bii personalizate \u0219i eficiente.<\/mark><\/p>\n\n\n\n<p>\ud83d\udcde <strong><mark style=\"background-color:rgba(0, 0, 0, 0)\" class=\"has-inline-color has-primary-color\">Contacteaz\u0103-ne pentru o ofert\u0103 personalizat\u0103!<\/mark><\/strong><\/p>\n\n\n\n<p><\/p>\n","protected":false},"excerpt":{"rendered":"<p>Instalari sisteme de supraveghere video Supraveghere video \u2013 Siguran\u021b\u0103 vizibil\u0103, 24\/7 \ud83d\udd10 Protejeaz\u0103-\u021bi casa, afacerea sau proprietatea cu sisteme moderne de supraveghere video! Oferim servicii complete de instalare camere de supraveghere pentru toate tipurile de spa\u021bii \u2013 locuin\u021be, birouri, magazine, depozite sau spa\u021bii industriale. \ud83d\udcf9 Ce oferim: \u2705 De ce s\u0103 lucrezi cu noi: \ud83d\udd0d [&hellip;]<\/p>\n","protected":false},"author":1,"featured_media":0,"parent":0,"menu_order":0,"comment_status":"closed","ping_status":"closed","template":"","meta":{"footnotes":""},"class_list":["post-172","page","type-page","status-publish","hentry"],"_links":{"self":[{"href":"https:\/\/ptk-security.ro\/index.php\/wp-json\/wp\/v2\/pages\/172","targetHints":{"allow":["GET"]}}],"collection":[{"href":"https:\/\/ptk-security.ro\/index.php\/wp-json\/wp\/v2\/pages"}],"about":[{"href":"https:\/\/ptk-security.ro\/index.php\/wp-json\/wp\/v2\/types\/page"}],"author":[{"embeddable":true,"href":"https:\/\/ptk-security.ro\/index.php\/wp-json\/wp\/v2\/users\/1"}],"replies":[{"embeddable":true,"href":"https:\/\/ptk-security.ro\/index.php\/wp-json\/wp\/v2\/comments?post=172"}],"version-history":[{"count":5,"href":"https:\/\/ptk-security.ro\/index.php\/wp-json\/wp\/v2\/pages\/172\/revisions"}],"predecessor-version":[{"id":330,"href":"https:\/\/ptk-security.ro\/index.php\/wp-json\/wp\/v2\/pages\/172\/revisions\/330"}],"wp:attachment":[{"href":"https:\/\/ptk-security.ro\/index.php\/wp-json\/wp\/v2\/media?parent=172"}],"curies":[{"name":"wp","href":"https:\/\/api.w.org\/{rel}","templated":true}]}}