{"id":247,"date":"2025-07-27T07:43:31","date_gmt":"2025-07-27T07:43:31","guid":{"rendered":"https:\/\/ptk-security.ro\/?page_id=247"},"modified":"2025-07-27T07:43:31","modified_gmt":"2025-07-27T07:43:31","slug":"termeni-si-conditii-utilizare-site","status":"publish","type":"page","link":"https:\/\/ptk-security.ro\/index.php\/termeni-si-conditii-utilizare-site\/","title":{"rendered":"Termeni si conditii utilizare site"},"content":{"rendered":"\n<p>Acest document stabile\u0219te termenii \u0219i condi\u021biile \u00een care pute\u021bi utiliza site-ul www.ptk-security.ro<\/p>\n\n\n\n<p>Accesul \u0219i utilizarea site-ului se face sub autoritatea acestor reguli, \u00een termenii \u0219i condi\u021biile de mai jos. Utilizarea site-ului ca \u0219i vizitator, \u00eenregistrarea ca \u0219i utilizator \u0219i accesul la serviciile oferite de acesta presupune implicit acceptarea acestor termeni \u0219i condi\u021bii, cu toate consecin\u021bele care decurg din acceptarea acestora.<\/p>\n\n\n\n<p>1. ACCES:<\/p>\n\n\n\n<p>Scopul permis pentru utilizarea site-ului este ob\u021binerea de informa\u021bii \u0219i accesul la serviciile oferite prin intermediul acestuia. Orice utilizare \u00een alte scopuri dec\u00e2t acesta nu este permis\u0103. Pentru a ob\u021bine acces la site \u0219i la serviciile \u0219i informa\u021biile puse la dispozi\u021bie prin intermediul acestuia trebuie s\u0103 ob\u021bine\u021bi acces la World Wide Web, direct sau cu ajutorul altor dispozitive prin care se pot accesa servicii Internet, pl\u0103tind orice taxa asociat\u0103 cu acest acces. \u00cen plus, trebuie s\u0103 ave\u021bi la dispozi\u021bie tot echipamentul necesar pentru a realiz\u0103 aceast\u0103 conexiune la World Wide Web, inclusiv un computer \u0219i un modem sau alt echipament de acces. PTK SECURITY SOLUTIONS SRL nu \u00ee\u0219i asum\u0103 responsabilitatea pentru securitatea acestui site sau a liniei dvs. de comunicare cu acesta. Prin termenul \u201evizitator\u201d al site-ului se \u00een\u021belege orice persoan\u0103 fizic\u0103 sau juridic\u0103 care va acces\u0103 site-ul. Prin termenul \u201eutilizator\u201d al site-ului se \u00een\u021belege orice \u201evizitator\u201d care se \u00eenregistreaz\u0103 c\u0103 \u0219i \u201eutilizator\u201d prin completarea unui formular de \u00eenregistrare.<\/p>\n\n\n\n<p>2. DREPTURI DE AUTOR, MARCA \u0218I PROPRIETATE INTELECTUAL\u0102:<\/p>\n\n\n\n<p>PTK SECURITY SOLUTIONS SRL ofer\u0103 acces liber la site \u0219i v\u0103 autorizeaz\u0103 s\u0103 vizualiza\u021bi, imprima\u021bi \u0219i s\u0103 transmite\u021bi informa\u021bii existente pe site doar \u00een scopuri personale, non-comerciale. Dreptul de autor pentru informa\u021biile existente pe acest site este de\u021binut de PTK SECURITY SOLUTIONS SRL sau de afilia\u021bii\/partenerii s\u0103i. Niciun material de pe acest site nu poate fi reprodus par\u021bial, integral sau modificat f\u0103r\u0103 permisiunea explicit\u0103, scris\u0103 a PTK SECURITY SOLUTIONS SRL .<\/p>\n\n\n\n<p>Con\u021binutul acestui site, textele, grafica, fotografiile, software-ul, logo-urile \u0219i orice alte materiale prezente pe site sunt protejate de legea dreptului de autor \u0219i sunt proprietatea PTK SECURITY SOLUTIONS SRL sau a afilia\u021bilor\/partenerilor s\u0103i. Este interzis\u0103 crearea de leg\u0103turi cu acest site ale altor site-uri sau invers, f\u0103r\u0103 un acord prealabil scris. \u00cen situa\u021biile \u00een care acest lucru se \u00eent\u00e2mpl\u0103 f\u0103r\u0103 acordul scris al La PTK SECURITY SOLUTIONS SRL, aceast\u0103 nu \u00ee\u0219i asum\u0103 responsabilitatea pentru site-urile neafiliate cu care site-ul ar putea fi legat, pentru materialele postate pe acest site de c\u0103tre alte persoane dec\u00e2t cele autorizate de PTK SECURITY SOLUTIONS SRL \u0219i \u00ee\u0219i rezerv\u0103 dreptul de a solicita sanc\u021bionarea conform legisla\u021biei \u00een vigoare a oric\u0103rei ac\u021biuni de acest tip.<\/p>\n\n\n\n<p>PTK SECURITY SOLUTIONS SRL sau ter\u021be p\u0103r\u021bi pot furniza autorizat, prin intermediul site-ului, leg\u0103turi (\u201elink\u201d-uri) c\u0103tre alte pagini sau resurse World Wide Web. PTK SECURITY SOLUTIONS SRL nu garanteaz\u0103, nu este \u0219i nu poate fi responsabil\u0103 \u00een niciun fel de disponibilitatea acestora, de forma, con\u021binutul, publicitatea, produsele sau alte materiale disponibile pe site-urile respective. PTK SECURITY SOLUTIONS SRL nu va fi responsabil\u0103 sau pasibil\u0103 de a pl\u0103ti desp\u0103gubiri, direct sau indirect, pentru orice pagub\u0103 sau pierdere cauzat\u0103 sau presupus\u0103 a fi fost cauzat\u0103 de\/sau \u00een leg\u0103tur\u0103 cu folosirea sau \u00eencrederea \u00een informa\u021biile, con\u021binutul, bunurile sau serviciile puse la dispozi\u021bie de site-urile respective.<\/p>\n\n\n\n<p>Reproducerea, copierea, multiplicarea, vinderea, revinderea sau exploatarea unei p\u0103r\u021bi a serviciilor, accesul sau folosirea serviciilor sau informa\u021biilor puse la dispozi\u021bie de PTK SECURITY SOLUTIONS SRL prin intermediul site-ului \u00eentr-un mod care violeaz\u0103 legisla\u021bia rom\u00e2neasc\u0103 sau interna\u021bional\u0103 \u00een materie de drept de autor \u0219i proprietate intelectual\u0103, implic\u0103 r\u0103spunderea civil\u0103 sau penal\u0103 pentru astfel de ac\u021biuni.<\/p>\n\n\n\n<p>PTK SECURITY SOLUTIONS SRL \u00ee\u0219i rezerv\u0103 dreptul de a \u00eempiedica prin orice mijloace \u0219i de a de solicita sanc\u021bionarea conform legisla\u021biei \u00een vigoare a persoanelor implicate \u00een distrugerea sau alterarea site-lui, a con\u021binutului sau securit\u0103\u021bii acestuia sau \u00eencercarea de a atac\u0103 sau discredita PTK SECURITY SOLUTIONS SRL sau pe partenerii s\u0103i, produsele, serviciile \u0219i angaja\u021bii acestora. Orice eventual litigiu \u00een leg\u0103tur\u0103 cu acest site este de competen\u021b\u0103 instan\u021belor de drept comun din Rom\u00e2nia.<\/p>\n\n\n\n<p>3. REGULI DE UTILIZARE:<\/p>\n\n\n\n<p>Nu sunt permise:<br>-copierea, multiplicarea, distribuirea, arhivarea sau p\u0103strarea, prin orice mijloace, inclusiv electronice, magnetice sau computerizate, a imaginilor \u0219i informa\u021biilor existente pe acest site;<br>-\u00eencercarea de a interveni, prin orice mijloace, \u00een con\u021binutul acestui site, \u0219tergerea sau modificarea prin orice mijloace a materialelor \u0219i informa\u021biilor publicate, sau \u00eencercarea de a ac\u021biona \u00een acest scop;<br>-\u00eencercarea de a scana, sonda sau a testa vulnerabilitatea oric\u0103rui sistem din re\u021beaua PTK SECURITY SOLUTIONS SRL sau accesarea oric\u0103ror servere sau servicii din re\u021beaua PTK SECURITY SOLUTIONS SRL care nu sunt publice, f\u0103r\u0103 autoriza\u021bie explicit\u0103 \u00een scris din partea PTK SECURITY SOLUTIONS SRL ;<br>-\u00eencercarea de a interveni \u00een func\u021bionarea serverelor de hosting sau \u00een re\u021beaua PTK SECURITY SOLUTIONS SRL prin orice mijloace, inclusiv atacarea acestora prin \u201cflooding\u201d sau \u201cDOS\u201d;<br>-folosirea oric\u0103ror adrese de e-mail publicate prin intermediul site-ului pentru distribuirea lor pe liste de mailing sau pentru trimiterea de e-mailuri comerciale (\u201cspamming\u201d) sau pentru orice alt scop \u00een afar\u0103 de trimiterea de e-mailuri personale justificate, f\u0103r\u0103 acordul scris al posesorilor acestor adrese;<br>Violarea oric\u0103rei dintre aceste reguli atrage dup\u0103 sine r\u0103spunderea civil\u0103 sau penal\u0103. PTK SECURITY SOLUTIONS SRL va investiga faptele care implic\u0103 asemenea \u00eenc\u0103lc\u0103ri, cooper\u00e2nd cu autorit\u0103\u021bile pentru prevenirea sau \u00eempiedicarea unor astfel de \u00eenc\u0103lc\u0103ri.<\/p>\n\n\n\n<p>4. DISPONIBILITATEA SERVICIULUI<\/p>\n\n\n\n<p>PTK SECURITY SOLUTIONS SRL \u00ee\u0219i rezerv\u0103 dreptul de a modifica sau de a \u00eentrerupe, temporar sau permanent, par\u021bial sau \u00een totalitate, serviciile puse la dispozi\u021bia vizitatorilor \u0219i a utilizatorilor prin intermediul acestui site, cu sau f\u0103r\u0103 o notificare prealabil\u0103. PTK SECURITY SOLUTIONS SRL nu este r\u0103spunz\u0103toare fa\u021b\u0103 de utilizatori, orice tert\u0103 persoan\u0103 fizic\u0103 sau juridic\u0103 sau institu\u021bie pentru modificarea, suspendarea sau \u00eentreruperea serviciilor disponibile prin intermediul site-ului. PTK SECURITY SOLUTIONS SRL poate schimba \u00een orice moment con\u021binutul \u0219i condi\u021biile defolosire a site-ului. Noile condi\u021bii devin valabile \u00een momentul \u00een care au fost f\u0103cute publice prin \u00eenscriere \u00een acest site \u0219i nu au caracter retroactiv.<\/p>\n\n\n\n<p>5. ABSOLVIREA DE R\u0102SPUNDERE<\/p>\n\n\n\n<p>Accept\u00e2nd s\u0103 utiliza\u021bi acest site, declara\u021bi \u00een mod expres \u0219i implicit c\u0103 \u00een\u021belege\u021bi c\u0103 sunte\u021bi de acord cu urm\u0103toarele:<br>-utilizarea site-ului se facepe propria r\u0103spundere;<br>PTK SECURITY SOLUTIONS SRL se absolv\u0103 \u00een mod expres de toate r\u0103spunderile de orice fel, exprimate direct sau indirect, inclusiv, dar nu limitat la, garan\u021biile indirecte de v\u00e2nzare sau conformitate cu specifica\u021biile pentru un anume scop.<\/p>\n\n\n\n<p>PTK SECURITY SOLUTIONS SRL nu ofer\u0103 nicio garan\u021bie c\u0103:<br>-informa\u021biile vor \u00eemplini toate cerin\u021bele dumneavoastr\u0103;<br>-serviciile vor fi ne\u00eentrerupte, la timp, sigure sau f\u0103r\u0103 erori;<br>-rezultatele ce se vor putea ob\u021bine din folosirea informa\u021biilor site-ului vor fi corecte sau de \u00eencredere;<br>-calitatea oric\u0103ror produse, servicii, informa\u021bii sau altor materiale cump\u0103rate sau ob\u021binute de dumneavoastr\u0103 prin intermediul site-ului, va satisface toate cerin\u021bele;<br>-orice eroare de program va fi corectat\u0103.<br>Utilizatorul este singura persoan\u0103 responsabil\u0103 de eventualele distrugeri cauzate sistemelor de calcul sau re\u021belei de pe care acceseaz\u0103 site-ul sau de orice alte pierderi de date, care ar putea fi rezultatul desc\u0103rc\u0103rii de informa\u021bii \u0219i servicii din con\u021binutului site-ului. Niciun sfat sau alte informa\u021bii orale sau scrise, ob\u021binute de la site sau prin intermediul serviciilor site-ului nu constituie o garan\u021bie, dac\u0103 nu este stipulat\u0103 expres \u00een termenii \u0219i condi\u021biile de utilizare.<\/p>\n\n\n\n<p>6. LIMITAREA R\u0102SPUNDERII:<\/p>\n\n\n\n<p>PTK SECURITY SOLUTIONS SRL nu va fi r\u0103spunz\u0103toare pentru niciun fel de pagube directe, indirecte, accidentale, speciale, inclusiv, dar nu limitat la, pagube pentru pierderi de profit, bun\u0103voin\u021b\u0103, posibilit\u0103\u021bii de folosire, date sau alte pierderi intangibile sau incomensurabile (chiar dac\u0103 PTK SECURITY SOLUTIONS SRL a fost informat\u0103 anterior de posibilitatea apari\u021biei unor asemenea pierderi), rezult\u00e2nd din:<br>-utilizarea sau imposibilitatea utiliz\u0103rii informa\u021biilor site-ului;<br>-costul procur\u0103rii de bunuri sau servicii complementare rezult\u00e2nd din orice bunuri, date, informa\u021bii sau servicii achizi\u021bionate sau ob\u021binute, mesaje primite, tranzac\u021bii \u00eencepute prin\/de pe site;<br>-acces neautorizat la, sau deteriorarea transmisiilor sau datelor utilizatorului;<br>-declara\u021bii sau ac\u021biuni ale oric\u0103rei ter\u021be p\u0103r\u021bi asupra serviciilor site-ului;<br>-orice alt\u0103 problem\u0103 legat\u0103 de serviciile site-ului.<\/p>\n\n\n\n<p>Dac\u0103 se consider\u0103 c\u0103 orice material pus la dispozi\u021bie pe site, postat pe site de c\u0103tre ter\u021bi sau utilizatori, violeaz\u0103 drepturile de copyright sau orice alte drepturi, este necesar\u0103 semnalarea acestei situa\u021bii la  adresa de email gabi@ptk-security.ro<br>Pentru sec\u021biunile site-ului care pot cuprinde opinii ale cititorilor, r\u0103spunderea asupra con\u021binutului opiniilor revine \u00een \u00eentregime autorilor acestora. PTK SECURITY SOLUTIONS SRL \u00ee\u0219i rezerv\u0103 dreptul de \u0219terge de pe site acele opinii care contravin termenilor \u0219i condi\u021biilor de utilizare asite-ului sau pe care le consider\u0103 d\u0103un\u0103toare, sub orice form\u0103, propriei imagini, partenerilor sau ter\u021bilor.<\/p>\n\n\n\n<p>Acest site este oferit \u00een aceast\u0103 form\u0103 f\u0103r\u0103 alte garan\u021bii. PTK SECURITY SOLUTIONS SRL nu este \u0219i nu poate fi responsabil\u0103 pentru nepotriviri, indisponibilit\u0103\u021bi sau alte defecte ale acestui site sau ale con\u021binutului sau.<\/p>\n\n\n\n<p>Site-ul folose\u0219te \u201ccookies\u201d pentru a identific\u0103 utilizatorii. Acestea nu con\u021bin niciun fel de date personale ale utilizatorului \u0219i nu prezint\u0103 risc \u00een cazul \u00een care sunt interceptate de ter\u021be p\u0103r\u021bi. Dac\u0103 browser-ul este configurat s\u0103 nu le accepte, anumite pagini pot s\u0103 nu func\u021bioneze par\u021bial sau \u00een totalitate.<\/p>\n\n\n\n<p>Pe site pot fi prezente reclame \u0219i\/sau leg\u0103turi c\u0103tre pagini ale unor ter\u021be p\u0103r\u021bi, inclusiv parteneri, furnizori de publicitate sau sponsori. Informa\u021biile furnizate unor pagini externe nu se afl\u0103 sub controlul PTK SECURITY SOLUTIONS SRL \u0219i orice publicare a unor date personale pe alte pagini de pe Internet se face pe propriul risc.<\/p>\n\n\n\n<p>PTK SECURITY SOLUTIONS SRL \u00ee\u0219i rezerv\u0103 dreptul de a modifica, revizui, completa aceste reguli \u00een orice moment. Orice modificare va fi f\u0103cut\u0103 public\u0103 \u00een aceast\u0103 pagin\u0103 \u0219i va intra efectiv \u00een vigoare din momentul post\u0103rii ei pe site.<\/p>\n","protected":false},"excerpt":{"rendered":"<p>Acest document stabile\u0219te termenii \u0219i condi\u021biile \u00een care pute\u021bi utiliza site-ul www.ptk-security.ro Accesul \u0219i utilizarea site-ului se face sub autoritatea acestor reguli, \u00een termenii \u0219i condi\u021biile de mai jos. Utilizarea site-ului ca \u0219i vizitator, \u00eenregistrarea ca \u0219i utilizator \u0219i accesul la serviciile oferite de acesta presupune implicit acceptarea acestor termeni \u0219i condi\u021bii, cu toate consecin\u021bele [&hellip;]<\/p>\n","protected":false},"author":1,"featured_media":0,"parent":0,"menu_order":0,"comment_status":"closed","ping_status":"closed","template":"","meta":{"footnotes":""},"class_list":["post-247","page","type-page","status-publish","hentry"],"_links":{"self":[{"href":"https:\/\/ptk-security.ro\/index.php\/wp-json\/wp\/v2\/pages\/247","targetHints":{"allow":["GET"]}}],"collection":[{"href":"https:\/\/ptk-security.ro\/index.php\/wp-json\/wp\/v2\/pages"}],"about":[{"href":"https:\/\/ptk-security.ro\/index.php\/wp-json\/wp\/v2\/types\/page"}],"author":[{"embeddable":true,"href":"https:\/\/ptk-security.ro\/index.php\/wp-json\/wp\/v2\/users\/1"}],"replies":[{"embeddable":true,"href":"https:\/\/ptk-security.ro\/index.php\/wp-json\/wp\/v2\/comments?post=247"}],"version-history":[{"count":6,"href":"https:\/\/ptk-security.ro\/index.php\/wp-json\/wp\/v2\/pages\/247\/revisions"}],"predecessor-version":[{"id":253,"href":"https:\/\/ptk-security.ro\/index.php\/wp-json\/wp\/v2\/pages\/247\/revisions\/253"}],"wp:attachment":[{"href":"https:\/\/ptk-security.ro\/index.php\/wp-json\/wp\/v2\/media?parent=247"}],"curies":[{"name":"wp","href":"https:\/\/api.w.org\/{rel}","templated":true}]}}